{"id":2652,"date":"2021-07-16T17:31:50","date_gmt":"2021-07-16T21:31:50","guid":{"rendered":"https:\/\/felipevicini.do\/biografia\/"},"modified":"2021-07-16T17:46:50","modified_gmt":"2021-07-16T21:46:50","slug":"biografia","status":"publish","type":"page","link":"https:\/\/felipevicini.do\/es\/biografia\/","title":{"rendered":"Biograf\u00eda"},"content":{"rendered":"\t\t<div data-elementor-type=\"wp-page\" data-elementor-id=\"2652\" class=\"elementor elementor-2652 elementor-2619\" data-elementor-settings=\"{&quot;premium_particles_zindex&quot;:0,&quot;premium_particles_responsive&quot;:[&quot;desktop&quot;,&quot;tablet&quot;,&quot;mobile&quot;]}\" data-elementor-post-type=\"page\">\n\t\t\t\t\t\t<section class=\"elementor-section elementor-top-section elementor-element elementor-element-51208ab elementor-section-height-min-height elementor-section-boxed elementor-section-height-default elementor-section-items-middle\" data-id=\"51208ab\" data-element_type=\"section\" data-settings=\"{&quot;background_background&quot;:&quot;gradient&quot;,&quot;shape_divider_bottom&quot;:&quot;opacity-tilt&quot;,&quot;premium_particles_zindex&quot;:0,&quot;premium_particles_responsive&quot;:[&quot;desktop&quot;,&quot;tablet&quot;,&quot;mobile&quot;]}\">\n\t\t\t\t\t<div class=\"elementor-shape elementor-shape-bottom\" data-negative=\"false\">\n\t\t\t<svg xmlns=\"http:\/\/www.w3.org\/2000\/svg\" viewBox=\"0 0 2600 131.1\" preserveAspectRatio=\"none\">\n\t<path class=\"elementor-shape-fill\" d=\"M0 0L2600 0 2600 69.1 0 0z\"\/>\n\t<path class=\"elementor-shape-fill\" style=\"opacity:0.5\" d=\"M0 0L2600 0 2600 69.1 0 69.1z\"\/>\n\t<path class=\"elementor-shape-fill\" style=\"opacity:0.25\" d=\"M2600 0L0 0 0 130.1 2600 69.1z\"\/>\n<\/svg>\t\t<\/div>\n\t\t\t\t\t<div class=\"elementor-container elementor-column-gap-no\">\n\t\t\t\t\t<div class=\"elementor-column elementor-col-33 elementor-top-column elementor-element elementor-element-761a6ed elementor-invisible\" data-id=\"761a6ed\" data-element_type=\"column\" data-settings=\"{&quot;animation&quot;:&quot;fadeIn&quot;,&quot;premium_particles_zindex&quot;:0,&quot;premium_particles_responsive&quot;:[&quot;desktop&quot;,&quot;tablet&quot;,&quot;mobile&quot;]}\">\n\t\t\t<div class=\"elementor-widget-wrap elementor-element-populated\">\n\t\t\t\t\t\t<div class=\"elementor-element elementor-element-8a92044 elementor-widget elementor-widget-image\" data-id=\"8a92044\" data-element_type=\"widget\" data-widget_type=\"image.default\">\n\t\t\t\t<div class=\"elementor-widget-container\">\n\t\t\t<style>\/*! elementor - v3.19.0 - 29-01-2024 *\/\n.elementor-widget-image{text-align:center}.elementor-widget-image a{display:inline-block}.elementor-widget-image a img[src$=\".svg\"]{width:48px}.elementor-widget-image img{vertical-align:middle;display:inline-block}<\/style>\t\t\t\t\t\t\t\t\t\t<img fetchpriority=\"high\" decoding=\"async\" width=\"788\" height=\"1011\" src=\"https:\/\/felipevicini.do\/wp-content\/uploads\/2021\/07\/felipe-vicini-bio.png\" class=\"attachment-full size-full wp-image-2622\" alt=\"\" srcset=\"https:\/\/felipevicini.do\/wp-content\/uploads\/2021\/07\/felipe-vicini-bio.png 788w, https:\/\/felipevicini.do\/wp-content\/uploads\/2021\/07\/felipe-vicini-bio-234x300.png 234w, https:\/\/felipevicini.do\/wp-content\/uploads\/2021\/07\/felipe-vicini-bio-768x985.png 768w\" sizes=\"(max-width: 788px) 100vw, 788px\" \/>\t\t\t\t\t\t\t\t\t\t\t\t\t<\/div>\n\t\t\t\t<\/div>\n\t\t\t\t\t<\/div>\n\t\t<\/div>\n\t\t\t\t<div class=\"elementor-column elementor-col-66 elementor-top-column elementor-element elementor-element-f0d0fe5 elementor-invisible\" data-id=\"f0d0fe5\" data-element_type=\"column\" data-settings=\"{&quot;animation&quot;:&quot;fadeIn&quot;,&quot;premium_particles_zindex&quot;:0,&quot;premium_particles_responsive&quot;:[&quot;desktop&quot;,&quot;tablet&quot;,&quot;mobile&quot;]}\">\n\t\t\t<div class=\"elementor-widget-wrap elementor-element-populated\">\n\t\t\t\t\t\t<div class=\"elementor-element elementor-element-0b5470e elementor-widget elementor-widget-heading\" data-id=\"0b5470e\" data-element_type=\"widget\" data-widget_type=\"heading.default\">\n\t\t\t\t<div class=\"elementor-widget-container\">\n\t\t\t<style>\/*! elementor - v3.19.0 - 29-01-2024 *\/\n.elementor-heading-title{padding:0;margin:0;line-height:1}.elementor-widget-heading .elementor-heading-title[class*=elementor-size-]>a{color:inherit;font-size:inherit;line-height:inherit}.elementor-widget-heading .elementor-heading-title.elementor-size-small{font-size:15px}.elementor-widget-heading .elementor-heading-title.elementor-size-medium{font-size:19px}.elementor-widget-heading .elementor-heading-title.elementor-size-large{font-size:29px}.elementor-widget-heading .elementor-heading-title.elementor-size-xl{font-size:39px}.elementor-widget-heading .elementor-heading-title.elementor-size-xxl{font-size:59px}<\/style><h2 class=\"elementor-heading-title elementor-size-default\">Felipe A. Vicini Lluberes<\/h2>\t\t<\/div>\n\t\t\t\t<\/div>\n\t\t\t\t<div class=\"elementor-element elementor-element-c7c78a7 elementor-widget-divider--view-line elementor-widget elementor-widget-divider\" data-id=\"c7c78a7\" data-element_type=\"widget\" data-widget_type=\"divider.default\">\n\t\t\t\t<div class=\"elementor-widget-container\">\n\t\t\t<style>\/*! elementor - v3.19.0 - 29-01-2024 *\/\n.elementor-widget-divider{--divider-border-style:none;--divider-border-width:1px;--divider-color:#0c0d0e;--divider-icon-size:20px;--divider-element-spacing:10px;--divider-pattern-height:24px;--divider-pattern-size:20px;--divider-pattern-url:none;--divider-pattern-repeat:repeat-x}.elementor-widget-divider .elementor-divider{display:flex}.elementor-widget-divider .elementor-divider__text{font-size:15px;line-height:1;max-width:95%}.elementor-widget-divider .elementor-divider__element{margin:0 var(--divider-element-spacing);flex-shrink:0}.elementor-widget-divider .elementor-icon{font-size:var(--divider-icon-size)}.elementor-widget-divider .elementor-divider-separator{display:flex;margin:0;direction:ltr}.elementor-widget-divider--view-line_icon .elementor-divider-separator,.elementor-widget-divider--view-line_text .elementor-divider-separator{align-items:center}.elementor-widget-divider--view-line_icon .elementor-divider-separator:after,.elementor-widget-divider--view-line_icon .elementor-divider-separator:before,.elementor-widget-divider--view-line_text .elementor-divider-separator:after,.elementor-widget-divider--view-line_text .elementor-divider-separator:before{display:block;content:\"\";border-block-end:0;flex-grow:1;border-block-start:var(--divider-border-width) var(--divider-border-style) var(--divider-color)}.elementor-widget-divider--element-align-left .elementor-divider .elementor-divider-separator>.elementor-divider__svg:first-of-type{flex-grow:0;flex-shrink:100}.elementor-widget-divider--element-align-left .elementor-divider-separator:before{content:none}.elementor-widget-divider--element-align-left .elementor-divider__element{margin-left:0}.elementor-widget-divider--element-align-right .elementor-divider .elementor-divider-separator>.elementor-divider__svg:last-of-type{flex-grow:0;flex-shrink:100}.elementor-widget-divider--element-align-right .elementor-divider-separator:after{content:none}.elementor-widget-divider--element-align-right .elementor-divider__element{margin-right:0}.elementor-widget-divider--element-align-start .elementor-divider .elementor-divider-separator>.elementor-divider__svg:first-of-type{flex-grow:0;flex-shrink:100}.elementor-widget-divider--element-align-start .elementor-divider-separator:before{content:none}.elementor-widget-divider--element-align-start .elementor-divider__element{margin-inline-start:0}.elementor-widget-divider--element-align-end .elementor-divider .elementor-divider-separator>.elementor-divider__svg:last-of-type{flex-grow:0;flex-shrink:100}.elementor-widget-divider--element-align-end .elementor-divider-separator:after{content:none}.elementor-widget-divider--element-align-end .elementor-divider__element{margin-inline-end:0}.elementor-widget-divider:not(.elementor-widget-divider--view-line_text):not(.elementor-widget-divider--view-line_icon) .elementor-divider-separator{border-block-start:var(--divider-border-width) var(--divider-border-style) var(--divider-color)}.elementor-widget-divider--separator-type-pattern{--divider-border-style:none}.elementor-widget-divider--separator-type-pattern.elementor-widget-divider--view-line .elementor-divider-separator,.elementor-widget-divider--separator-type-pattern:not(.elementor-widget-divider--view-line) .elementor-divider-separator:after,.elementor-widget-divider--separator-type-pattern:not(.elementor-widget-divider--view-line) .elementor-divider-separator:before,.elementor-widget-divider--separator-type-pattern:not([class*=elementor-widget-divider--view]) .elementor-divider-separator{width:100%;min-height:var(--divider-pattern-height);-webkit-mask-size:var(--divider-pattern-size) 100%;mask-size:var(--divider-pattern-size) 100%;-webkit-mask-repeat:var(--divider-pattern-repeat);mask-repeat:var(--divider-pattern-repeat);background-color:var(--divider-color);-webkit-mask-image:var(--divider-pattern-url);mask-image:var(--divider-pattern-url)}.elementor-widget-divider--no-spacing{--divider-pattern-size:auto}.elementor-widget-divider--bg-round{--divider-pattern-repeat:round}.rtl .elementor-widget-divider .elementor-divider__text{direction:rtl}.e-con-inner>.elementor-widget-divider,.e-con>.elementor-widget-divider{width:var(--container-widget-width,100%);--flex-grow:var(--container-widget-flex-grow)}<\/style>\t\t<div class=\"elementor-divider\">\n\t\t\t<span class=\"elementor-divider-separator\">\n\t\t\t\t\t\t<\/span>\n\t\t<\/div>\n\t\t\t\t<\/div>\n\t\t\t\t<\/div>\n\t\t\t\t<div class=\"elementor-element elementor-element-3c4b1be elementor-widget elementor-widget-text-editor\" data-id=\"3c4b1be\" data-element_type=\"widget\" data-widget_type=\"text-editor.default\">\n\t\t\t\t<div class=\"elementor-widget-container\">\n\t\t\t<style>\/*! elementor - v3.19.0 - 29-01-2024 *\/\n.elementor-widget-text-editor.elementor-drop-cap-view-stacked .elementor-drop-cap{background-color:#69727d;color:#fff}.elementor-widget-text-editor.elementor-drop-cap-view-framed .elementor-drop-cap{color:#69727d;border:3px solid;background-color:transparent}.elementor-widget-text-editor:not(.elementor-drop-cap-view-default) .elementor-drop-cap{margin-top:8px}.elementor-widget-text-editor:not(.elementor-drop-cap-view-default) .elementor-drop-cap-letter{width:1em;height:1em}.elementor-widget-text-editor .elementor-drop-cap{float:left;text-align:center;line-height:1;font-size:50px}.elementor-widget-text-editor .elementor-drop-cap-letter{display:inline-block}<\/style>\t\t\t\t<p>Felipe Vicini Lluberes es un empresario dominicano presidente ejecutivo de INICIA, una firma de administraci\u00f3n de activos que tiene operaciones en el mercado NOLA y sede en Santo Domingo.<\/p>\n<p>Concluy\u00f3 su formaci\u00f3n universitaria en Northwestern University, Illinois, Estados Unidos. Trabaj\u00f3 desde los 16 a\u00f1os en la industria cinematogr\u00e1fica donde lleg\u00f3 a ser productor y director, para luego regresar a Rep\u00fablica Dominicana donde inici\u00f3 su carrera empresarial.<\/p>\n<p>Felipe Vicini tambi\u00e9n encabeza el Comit\u00e9 de Estrategia e Inversi\u00f3n de la firma y es miembro de varios de sus comit\u00e9s de gesti\u00f3n. Igualmente preside y es miembro de diferentes Consejos de Directores de varias de las empresas m\u00e1s importantes del pa\u00eds.<\/p>\n<p>Adem\u00e1s de las labores empresariales, Vicini es presidente de Creando Sue\u00f1os Ol\u00edmpicos (CRESO), entidad sin fines de lucro que invierte en la educaci\u00f3n y preparaci\u00f3n deportiva de atletas de Alto Rendimiento de Rep\u00fablica Dominicana, y es miembro del Consejo de Directores de la Fundaci\u00f3n Barna, as\u00ed como de otras organizaciones sin fines de lucro.<\/p>\n\t\t\t\t\t\t<\/div>\n\t\t\t\t<\/div>\n\t\t\t\t<div class=\"elementor-element elementor-element-6061253 elementor-widget-divider--view-line elementor-widget elementor-widget-divider\" data-id=\"6061253\" data-element_type=\"widget\" data-widget_type=\"divider.default\">\n\t\t\t\t<div class=\"elementor-widget-container\">\n\t\t\t\t\t<div class=\"elementor-divider\">\n\t\t\t<span class=\"elementor-divider-separator\">\n\t\t\t\t\t\t<\/span>\n\t\t<\/div>\n\t\t\t\t<\/div>\n\t\t\t\t<\/div>\n\t\t\t\t<div class=\"elementor-element elementor-element-3feb0cc elementor-widget elementor-widget-text-editor\" data-id=\"3feb0cc\" data-element_type=\"widget\" data-widget_type=\"text-editor.default\">\n\t\t\t\t<div class=\"elementor-widget-container\">\n\t\t\t\t\t\t\t<p>Presidente Ejecutivo de INICIA<br \/>\nPresidente del Consejo de Administraci\u00f3n CRESO<br \/>\nMiembro del Consejo Acad\u00e9mico Empresarial de Barna Management School<\/p>\n\t\t\t\t\t\t<\/div>\n\t\t\t\t<\/div>\n\t\t\t\t\t<\/div>\n\t\t<\/div>\n\t\t\t\t\t<\/div>\n\t\t<\/section>\n\t\t\t\t<section class=\"elementor-section elementor-top-section elementor-element elementor-element-07c14f4 elementor-section-height-min-height elementor-section-boxed elementor-section-height-default elementor-section-items-middle\" data-id=\"07c14f4\" data-element_type=\"section\" data-settings=\"{&quot;premium_particles_zindex&quot;:0,&quot;premium_particles_responsive&quot;:[&quot;desktop&quot;,&quot;tablet&quot;,&quot;mobile&quot;]}\">\n\t\t\t\t\t\t<div class=\"elementor-container elementor-column-gap-default\">\n\t\t\t\t\t<div class=\"elementor-column elementor-col-100 elementor-top-column elementor-element elementor-element-7e1a3de\" data-id=\"7e1a3de\" data-element_type=\"column\" data-settings=\"{&quot;premium_particles_zindex&quot;:0,&quot;premium_particles_responsive&quot;:[&quot;desktop&quot;,&quot;tablet&quot;,&quot;mobile&quot;]}\">\n\t\t\t<div class=\"elementor-widget-wrap\">\n\t\t\t\t\t\t\t<\/div>\n\t\t<\/div>\n\t\t\t\t\t<\/div>\n\t\t<\/section>\n\t\t\t\t<\/div>\n\t\t","protected":false},"excerpt":{"rendered":"<p>Felipe A. Vicini Lluberes Felipe Vicini Lluberes es un empresario dominicano presidente ejecutivo de INICIA, una firma de administraci\u00f3n de activos que tiene operaciones en el mercado NOLA y sede en Santo Domingo. Concluy\u00f3 su formaci\u00f3n universitaria en Northwestern University, Illinois, Estados Unidos. Trabaj\u00f3 desde los 16 a\u00f1os en la industria cinematogr\u00e1fica donde lleg\u00f3 a [&hellip;]<\/p>\n","protected":false},"author":2,"featured_media":0,"parent":0,"menu_order":0,"comment_status":"closed","ping_status":"closed","template":"elementor_header_footer","meta":{"site-sidebar-layout":"no-sidebar","site-content-layout":"page-builder","ast-site-content-layout":"","site-content-style":"default","site-sidebar-style":"default","ast-global-header-display":"","ast-banner-title-visibility":"","ast-main-header-display":"","ast-hfb-above-header-display":"","ast-hfb-below-header-display":"","ast-hfb-mobile-header-display":"","site-post-title":"disabled","ast-breadcrumbs-content":"","ast-featured-img":"disabled","footer-sml-layout":"","theme-transparent-header-meta":"default","adv-header-id-meta":"","stick-header-meta":"","header-above-stick-meta":"","header-main-stick-meta":"","header-below-stick-meta":"","astra-migrate-meta-layouts":"default","ast-page-background-enabled":"default","ast-page-background-meta":{"desktop":{"background-color":"var(--ast-global-color-4)","background-image":"","background-repeat":"repeat","background-position":"center center","background-size":"auto","background-attachment":"scroll","background-type":"","background-media":"","overlay-type":"","overlay-color":"","overlay-gradient":""},"tablet":{"background-color":"","background-image":"","background-repeat":"repeat","background-position":"center center","background-size":"auto","background-attachment":"scroll","background-type":"","background-media":"","overlay-type":"","overlay-color":"","overlay-gradient":""},"mobile":{"background-color":"","background-image":"","background-repeat":"repeat","background-position":"center center","background-size":"auto","background-attachment":"scroll","background-type":"","background-media":"","overlay-type":"","overlay-color":"","overlay-gradient":""}},"ast-content-background-meta":{"desktop":{"background-color":"var(--ast-global-color-5)","background-image":"","background-repeat":"repeat","background-position":"center center","background-size":"auto","background-attachment":"scroll","background-type":"","background-media":"","overlay-type":"","overlay-color":"","overlay-gradient":""},"tablet":{"background-color":"var(--ast-global-color-5)","background-image":"","background-repeat":"repeat","background-position":"center center","background-size":"auto","background-attachment":"scroll","background-type":"","background-media":"","overlay-type":"","overlay-color":"","overlay-gradient":""},"mobile":{"background-color":"var(--ast-global-color-5)","background-image":"","background-repeat":"repeat","background-position":"center center","background-size":"auto","background-attachment":"scroll","background-type":"","background-media":"","overlay-type":"","overlay-color":"","overlay-gradient":""}},"footnotes":""},"class_list":["post-2652","page","type-page","status-publish","hentry"],"yoast_head":"<!-- This site is optimized with the Yoast SEO plugin v21.9.1 - https:\/\/yoast.com\/wordpress\/plugins\/seo\/ -->\n<title>Biograf\u00eda - Felipe Vicini<\/title>\n<meta name=\"robots\" content=\"index, follow, max-snippet:-1, max-image-preview:large, max-video-preview:-1\" \/>\n<link rel=\"canonical\" href=\"https:\/\/felipevicini.do\/es\/biografia\/\" \/>\n<meta property=\"og:locale\" content=\"es_ES\" \/>\n<meta property=\"og:type\" content=\"article\" \/>\n<meta property=\"og:title\" content=\"Biograf\u00eda - Felipe Vicini\" \/>\n<meta property=\"og:description\" content=\"Felipe A. Vicini Lluberes Felipe Vicini Lluberes es un empresario dominicano presidente ejecutivo de INICIA, una firma de administraci\u00f3n de activos que tiene operaciones en el mercado NOLA y sede en Santo Domingo. Concluy\u00f3 su formaci\u00f3n universitaria en Northwestern University, Illinois, Estados Unidos. Trabaj\u00f3 desde los 16 a\u00f1os en la industria cinematogr\u00e1fica donde lleg\u00f3 a [&hellip;]\" \/>\n<meta property=\"og:url\" content=\"https:\/\/felipevicini.do\/es\/biografia\/\" \/>\n<meta property=\"og:site_name\" content=\"Felipe Vicini\" \/>\n<meta property=\"article:modified_time\" content=\"2021-07-16T21:46:50+00:00\" \/>\n<meta property=\"og:image\" content=\"https:\/\/felipevicini.do\/wp-content\/uploads\/2021\/07\/felipe-vicini-bio.png\" \/>\n<meta name=\"twitter:card\" content=\"summary_large_image\" \/>\n<meta name=\"twitter:site\" content=\"@FelipeVicini\" \/>\n<meta name=\"twitter:label1\" content=\"Tiempo de lectura\" \/>\n\t<meta name=\"twitter:data1\" content=\"1 minuto\" \/>\n<script type=\"application\/ld+json\" class=\"yoast-schema-graph\">{\"@context\":\"https:\/\/schema.org\",\"@graph\":[{\"@type\":\"WebPage\",\"@id\":\"https:\/\/felipevicini.do\/es\/biografia\/\",\"url\":\"https:\/\/felipevicini.do\/es\/biografia\/\",\"name\":\"Biograf\u00eda - Felipe Vicini\",\"isPartOf\":{\"@id\":\"https:\/\/felipevicini.do\/es\/#website\"},\"datePublished\":\"2021-07-16T21:31:50+00:00\",\"dateModified\":\"2021-07-16T21:46:50+00:00\",\"inLanguage\":\"es\",\"potentialAction\":[{\"@type\":\"ReadAction\",\"target\":[\"https:\/\/felipevicini.do\/es\/biografia\/\"]}]},{\"@type\":\"WebSite\",\"@id\":\"https:\/\/felipevicini.do\/es\/#website\",\"url\":\"https:\/\/felipevicini.do\/es\/\",\"name\":\"Felipe Vicini\",\"description\":\"\",\"publisher\":{\"@id\":\"https:\/\/felipevicini.do\/es\/#organization\"},\"potentialAction\":[{\"@type\":\"SearchAction\",\"target\":{\"@type\":\"EntryPoint\",\"urlTemplate\":\"https:\/\/felipevicini.do\/es\/?s={search_term_string}\"},\"query-input\":\"required name=search_term_string\"}],\"inLanguage\":\"es\"},{\"@type\":\"Organization\",\"@id\":\"https:\/\/felipevicini.do\/es\/#organization\",\"name\":\"Felipe Vicini\",\"url\":\"https:\/\/felipevicini.do\/es\/\",\"logo\":{\"@type\":\"ImageObject\",\"inLanguage\":\"es\",\"@id\":\"https:\/\/felipevicini.do\/es\/#\/schema\/logo\/image\/\",\"url\":\"https:\/\/felipevicini.do\/wp-content\/uploads\/2021\/07\/fv.svg\",\"contentUrl\":\"https:\/\/felipevicini.do\/wp-content\/uploads\/2021\/07\/fv.svg\",\"caption\":\"Felipe Vicini\"},\"image\":{\"@id\":\"https:\/\/felipevicini.do\/es\/#\/schema\/logo\/image\/\"},\"sameAs\":[\"https:\/\/twitter.com\/FelipeVicini\",\"https:\/\/www.youtube.com\/user\/FelipeVicini\"]}]}<\/script>\n<!-- \/ Yoast SEO plugin. -->","yoast_head_json":{"title":"Biograf\u00eda - Felipe Vicini","robots":{"index":"index","follow":"follow","max-snippet":"max-snippet:-1","max-image-preview":"max-image-preview:large","max-video-preview":"max-video-preview:-1"},"canonical":"https:\/\/felipevicini.do\/es\/biografia\/","og_locale":"es_ES","og_type":"article","og_title":"Biograf\u00eda - Felipe Vicini","og_description":"Felipe A. Vicini Lluberes Felipe Vicini Lluberes es un empresario dominicano presidente ejecutivo de INICIA, una firma de administraci\u00f3n de activos que tiene operaciones en el mercado NOLA y sede en Santo Domingo. Concluy\u00f3 su formaci\u00f3n universitaria en Northwestern University, Illinois, Estados Unidos. Trabaj\u00f3 desde los 16 a\u00f1os en la industria cinematogr\u00e1fica donde lleg\u00f3 a [&hellip;]","og_url":"https:\/\/felipevicini.do\/es\/biografia\/","og_site_name":"Felipe Vicini","article_modified_time":"2021-07-16T21:46:50+00:00","og_image":[{"url":"https:\/\/felipevicini.do\/wp-content\/uploads\/2021\/07\/felipe-vicini-bio.png"}],"twitter_card":"summary_large_image","twitter_site":"@FelipeVicini","twitter_misc":{"Tiempo de lectura":"1 minuto"},"schema":{"@context":"https:\/\/schema.org","@graph":[{"@type":"WebPage","@id":"https:\/\/felipevicini.do\/es\/biografia\/","url":"https:\/\/felipevicini.do\/es\/biografia\/","name":"Biograf\u00eda - Felipe Vicini","isPartOf":{"@id":"https:\/\/felipevicini.do\/es\/#website"},"datePublished":"2021-07-16T21:31:50+00:00","dateModified":"2021-07-16T21:46:50+00:00","inLanguage":"es","potentialAction":[{"@type":"ReadAction","target":["https:\/\/felipevicini.do\/es\/biografia\/"]}]},{"@type":"WebSite","@id":"https:\/\/felipevicini.do\/es\/#website","url":"https:\/\/felipevicini.do\/es\/","name":"Felipe Vicini","description":"","publisher":{"@id":"https:\/\/felipevicini.do\/es\/#organization"},"potentialAction":[{"@type":"SearchAction","target":{"@type":"EntryPoint","urlTemplate":"https:\/\/felipevicini.do\/es\/?s={search_term_string}"},"query-input":"required name=search_term_string"}],"inLanguage":"es"},{"@type":"Organization","@id":"https:\/\/felipevicini.do\/es\/#organization","name":"Felipe Vicini","url":"https:\/\/felipevicini.do\/es\/","logo":{"@type":"ImageObject","inLanguage":"es","@id":"https:\/\/felipevicini.do\/es\/#\/schema\/logo\/image\/","url":"https:\/\/felipevicini.do\/wp-content\/uploads\/2021\/07\/fv.svg","contentUrl":"https:\/\/felipevicini.do\/wp-content\/uploads\/2021\/07\/fv.svg","caption":"Felipe Vicini"},"image":{"@id":"https:\/\/felipevicini.do\/es\/#\/schema\/logo\/image\/"},"sameAs":["https:\/\/twitter.com\/FelipeVicini","https:\/\/www.youtube.com\/user\/FelipeVicini"]}]}},"_links":{"self":[{"href":"https:\/\/felipevicini.do\/es\/wp-json\/wp\/v2\/pages\/2652","targetHints":{"allow":["GET"]}}],"collection":[{"href":"https:\/\/felipevicini.do\/es\/wp-json\/wp\/v2\/pages"}],"about":[{"href":"https:\/\/felipevicini.do\/es\/wp-json\/wp\/v2\/types\/page"}],"author":[{"embeddable":true,"href":"https:\/\/felipevicini.do\/es\/wp-json\/wp\/v2\/users\/2"}],"replies":[{"embeddable":true,"href":"https:\/\/felipevicini.do\/es\/wp-json\/wp\/v2\/comments?post=2652"}],"version-history":[{"count":1,"href":"https:\/\/felipevicini.do\/es\/wp-json\/wp\/v2\/pages\/2652\/revisions"}],"predecessor-version":[{"id":2653,"href":"https:\/\/felipevicini.do\/es\/wp-json\/wp\/v2\/pages\/2652\/revisions\/2653"}],"wp:attachment":[{"href":"https:\/\/felipevicini.do\/es\/wp-json\/wp\/v2\/media?parent=2652"}],"curies":[{"name":"wp","href":"https:\/\/api.w.org\/{rel}","templated":true}]}}